{"id":10614,"date":"2022-06-22T12:27:15","date_gmt":"2022-06-22T10:27:15","guid":{"rendered":"https:\/\/www.campingcayola.fr\/soirees-camping-vias\/"},"modified":"2026-02-24T10:39:13","modified_gmt":"2026-02-24T09:39:13","slug":"evenings-campsite-vias","status":"publish","type":"page","link":"https:\/\/www.campingcayola.fr\/en\/evenings-campsite-vias\/","title":{"rendered":"Evenings and shows"},"content":{"rendered":"<section id=\"ls-section-block_6d39270a2658db2114084302bd12a9a7\" class=\"ls-section  chapeau-page has-p-t p-t-10 has-p-b p-b-14\" >\r\n        <div class=\"container container--wide\">\r\n        \n\n<div class=\"wp-block-columns is-layout-flex wp-container-core-columns-is-layout-9d6595d7 wp-block-columns-is-layout-flex\">\n<div class=\"wp-block-column is-vertically-aligned-center first is-layout-flow wp-block-column-is-layout-flow\" style=\"flex-basis:40%\">\n<h1 class=\"ls__heading wp-block-heading has-text-align-left\">Evenings and shows for a lively vacation in Vias<\/h1>\n\n\n\n<p class=\"ls-paragraph\">Vos vacances inoubliables en famille ou entre amis, nul doute que c\u2019est au\u00a0<a href=\"\/\">camping Le Cayola<\/a>\u00a0 que vous les trouverez !<\/p>\n\n\n\n<p class=\"ls-paragraph\">Our 4-star open-air establishment offers <strong>lively<\/strong>, high-quality <strong>evenings<\/strong> where <strong>conviviality<\/strong> is the order of the day.  <\/p>\n\n\n\n<p class=\"ls-paragraph\">From <strong>variety concerts<\/strong> to <strong>magic shows<\/strong> and <strong>cabaret evenings<\/strong> for all audiences, every evening is an opportunity for a new discovery.  <\/p>\n\n\n\n<p class=\"ls-paragraph\"><strong>Theme evenings<\/strong> are the exclusive privilege of our guests, so no outsiders are allowed.<\/p>\n\n\n\n<p class=\"ls-paragraph\"><\/p>\n<\/div>\n\n\n\n<div class=\"wp-block-column is-vertically-aligned-center second animated fadeInRight delay-200ms is-layout-flow wp-block-column-is-layout-flow\" style=\"flex-basis:60%\"><div class=\"wp-block-image\">\n<figure class=\"aligncenter size-full\"><img decoding=\"async\" width=\"1023\" height=\"677\" src=\"https:\/\/www.campingcayola.fr\/wp-content\/uploads\/2022\/09\/concert-camping-vias.jpg\" alt=\"concert camping vias\" class=\"wp-image-10141\" srcset=\"https:\/\/www.campingcayola.fr\/wp-content\/uploads\/2022\/09\/concert-camping-vias.jpg 1023w, https:\/\/www.campingcayola.fr\/wp-content\/uploads\/2022\/09\/concert-camping-vias-300x199.jpg 300w, https:\/\/www.campingcayola.fr\/wp-content\/uploads\/2022\/09\/concert-camping-vias-768x508.jpg 768w\" sizes=\"(max-width: 1023px) 100vw, 1023px\" \/><\/figure>\n<\/div><\/div>\n<\/div>\n\n\r\n    <\/div>\r\n<\/section><section id=\"ls-section-block_b6105a2f0170be64cf46565968976d82\" class=\"ls-section  parallax has-background-image has-parallax\" >\r\n    <div class=\"ls-section__background-image opacity-100\"><img decoding=\"async\" src=\"https:\/\/www.campingcayola.fr\/wp-content\/uploads\/2022\/09\/animations-soire\u0301es-vias.jpg\" alt=\"animations soire\u0301es vias\"><\/div>    <div class=\"container \">\r\n        \r\n    <\/div>\r\n<\/section><section id=\"ls-section-block_37b8b926fc5e09d9942dafb6aa1ecf51\" class=\"ls-section  one-page\" >\r\n        <div class=\"container container--wide\">\r\n        \n\n<div class=\"wp-block-columns is-layout-flex wp-container-core-columns-is-layout-9d6595d7 wp-block-columns-is-layout-flex\">\n<div class=\"wp-block-column first animated fadeInUp delay-200ms is-layout-flow wp-block-column-is-layout-flow\">\n<h2 class=\"ls__heading wp-block-heading\">EVENING ENTERTAINMENT IN VIAS<\/h2>\n\n\n\n<p class=\"ls-paragraph\">L&#8217;\u00e9quipe d\u2019animation de notre <a href=\"\/camping-bord-de-mer-herault\/\">camping en bord de mer dans l&#8217;H\u00e9rault<\/a> vous r\u00e9serve des soir\u00e9es sp\u00e9ciales adapt\u00e9es \u00e0\u00a0<strong>tous les \u00e2ges<\/strong>. Pour\u00a0<strong>danser et s\u2019amuser<\/strong>, des\u00a0<strong>soir\u00e9es musicales<\/strong>\u00a0ponctuent la semaine.<\/p>\n\n\n\n<p class=\"ls-paragraph\">Pour encore plus de fun, elles se transforment parfois en\u00a0<strong>soir\u00e9es mousse<\/strong>\u00a0: des rendez-vous tr\u00e8s pris\u00e9s par les ados, mais qui promettent aussi des fous rires \u00e0 partager en famille.<\/p>\n<\/div>\n\n\n\n<div class=\"wp-block-column is-vertically-aligned-top second is-layout-flow wp-block-column-is-layout-flow\">\n<p class=\"ls-paragraph\">Another popular evening is the <strong>pool party<\/strong>, when the pool opens at night! You can also spend your evenings playing friendly games, getting to know other campers and spending quality time together as a family.   <\/p>\n\n\n\n<p class=\"ls-paragraph\">The program includes casino evenings, bingo and challenges. And of course, you can&#8217;t miss the <strong>big karaoke night<\/strong>! Children and adults alike are invited to choose their song and take the microphone. <\/p>\n\n\n\n<p class=\"ls-paragraph\"><\/p>\n<\/div>\n<\/div>\n\n\r\n    <\/div>\r\n<\/section><section id=\"ls-section-block_2bcd71d3d857ce063db75ca9fd83dbf3\" class=\"ls-section  two-page has-background has-color-4-background-color\" >\r\n        <div class=\"container container--wide\">\r\n        \n\n<div class=\"wp-block-columns is-layout-flex wp-container-core-columns-is-layout-9d6595d7 wp-block-columns-is-layout-flex\">\n<div class=\"wp-block-column is-vertically-aligned-center is-layout-flow wp-block-column-is-layout-flow\" style=\"flex-basis:40%\">\n<h2 class=\"ls__heading wp-block-heading\">LE PROGRAMME DES SOIR\u00c9ES AU CAMPING Le CAYOLA<\/h2>\n\n\n\n<p class=\"ls-paragraph\">Les spectacles et concerts peuvent \u00eatre accompagn\u00e9s de repas \u00e0 th\u00e8mes comme les pa\u00ebllas, moules-frites&#8230;<\/p>\n\n\n\n<p class=\"ls-paragraph\">Les soir\u00e9es dans notre <a href=\"\/camping-pas-cher-a-vias\/\">camping pas cher \u00e0 Vias<\/a> d\u00e9butent g\u00e9n\u00e9ralement \u00e0 21 h 30 (du dimanche au vendredi en juillet et ao\u00fbt). En amont, vous pouvez participer aux<strong>\u00a0jeux ap\u00e9ritifs<\/strong>. \u00c0 21 heures, place au Kids Time !<\/p>\n\n\n\n<p class=\"ls-paragraph\">Tous les jours avant le top d\u00e9part des grandes soir\u00e9es, les enfants profitent de leur propre moment avec une ambiance sp\u00e9cialement pr\u00e9vue pour eux. La mascotte Piki est de la partie !<\/p>\n\n\n\n<p class=\"ls-paragraph\">Le vendredi, le\u00a0<strong>spectacle que les enfants du Piki club ont pr\u00e9par\u00e9<\/strong>\u00a0au cours de la semaine est donn\u00e9 en premi\u00e8re partie de soir\u00e9e.<\/p>\n<\/div>\n\n\n\n<div class=\"wp-block-column is-layout-flow wp-block-column-is-layout-flow\" style=\"flex-basis:60%\"><div class=\"wp-block-image\">\n<figure class=\"aligncenter size-full\"><img decoding=\"async\" width=\"1900\" height=\"770\" src=\"https:\/\/www.campingcayola.fr\/wp-content\/uploads\/2022\/07\/soiree-mousse-camping-valras.jpg\" alt=\"Soir&#xE9;e mousse au camping Valras\" class=\"wp-image-8197\" srcset=\"https:\/\/www.campingcayola.fr\/wp-content\/uploads\/2022\/07\/soiree-mousse-camping-valras.jpg 1900w, https:\/\/www.campingcayola.fr\/wp-content\/uploads\/2022\/07\/soiree-mousse-camping-valras-300x122.jpg 300w, https:\/\/www.campingcayola.fr\/wp-content\/uploads\/2022\/07\/soiree-mousse-camping-valras-1024x415.jpg 1024w, https:\/\/www.campingcayola.fr\/wp-content\/uploads\/2022\/07\/soiree-mousse-camping-valras-768x311.jpg 768w, https:\/\/www.campingcayola.fr\/wp-content\/uploads\/2022\/07\/soiree-mousse-camping-valras-1536x622.jpg 1536w\" sizes=\"(max-width: 1900px) 100vw, 1900px\" \/><\/figure>\n<\/div><\/div>\n<\/div>\n\n\r\n    <\/div>\r\n<\/section><section id=\"ls-section-block_c0641e995ba3b41db1cbe7ef70613372\" class=\"ls-section  maillage-page has-p-t p-t-14 has-p-b p-b-20\" >\r\n        <div class=\"container container--wide\">\r\n        \n\n<h2 class=\"ls__heading wp-block-heading has-text-align-center\">Pour votre s\u00e9jour au camping le Cayola :<\/h2>\n\n\n<div id=\"ls-maillage-block_12c8ba3115a2973839df62f037515902\" class=\"ls-maillage cta-style-normal\" data-rows=\"4\">\r\n    <div class=\"wp-block-columns\"><div class=\"wp-block-column\">\n\n<a href=\"https:\/\/www.campingcayola.fr\/en\/campsite-seaside-herault\/\" target=\"\" rel=\"\" class=\"ls-cta__link\">\n\n\t<div class=\"ls-cta__image\"><img decoding=\"async\" src=\"https:\/\/www.campingcayola.fr\/wp-content\/uploads\/2022\/07\/bord-de-plage-vias-768x509.jpg\" alt=\"bord de plage vias\"><\/div>\n\t<div class=\"ls-cta__title\">\n\t\tSeaside\t<\/div>\n\n\t\t\n<\/a><\/div><div class=\"wp-block-column\">\n\n<a href=\"https:\/\/www.campingcayola.fr\/en\/pitches-campsite-caravanning-vias\/\" target=\"\" rel=\"\" class=\"ls-cta__link\">\n\n\t<div class=\"ls-cta__image\"><img decoding=\"async\" src=\"https:\/\/www.campingcayola.fr\/wp-content\/uploads\/2022\/07\/vias-camping-emplacement-768x509.jpg\" alt=\"vias camping emplacement\"><\/div>\n\t<div class=\"ls-cta__title\">\n\t\tOur locations\t<\/div>\n\n\t\t\n<\/a><\/div><div class=\"wp-block-column\">\n\n<a href=\"https:\/\/www.campingcayola.fr\/en\/rent-mobil-home-vias\/\" target=\"\" rel=\"\" class=\"ls-cta__link\">\n\n\t<div class=\"ls-cta__image\"><img decoding=\"async\" src=\"https:\/\/www.campingcayola.fr\/wp-content\/uploads\/2022\/09\/location-mobil-home-premium-vias-plage-768x509.jpg\" alt=\"location mobil home premium vias plage\"><\/div>\n\t<div class=\"ls-cta__title\">\n\t\tOur mobile homes\t<\/div>\n\n\t\t\n<\/a><\/div><div class=\"wp-block-column\">\n\n<a href=\"https:\/\/www.campingcayola.fr\/en\/compsite-vias-with-swimming-pool\/\" target=\"\" rel=\"\" class=\"ls-cta__link\">\n\n\t<div class=\"ls-cta__image\"><img decoding=\"async\" src=\"https:\/\/www.campingcayola.fr\/wp-content\/uploads\/2022\/09\/piscine-chauffee-pataugeoire-vias-768x509.jpg\" alt=\"piscine chauffee pataugeoire vias\"><\/div>\n\t<div class=\"ls-cta__title\">\n\t\tSwimming pool\t<\/div>\n\n\t\t\n<\/a><\/div><\/div><\/div>\n\r\n    <\/div>\r\n<\/section>","protected":false},"excerpt":{"rendered":"","protected":false},"author":1,"featured_media":9998,"parent":0,"menu_order":0,"comment_status":"closed","ping_status":"closed","template":"","meta":{"_acf_changed":false,"footnotes":""},"sujet":[],"class_list":["post-10614","page","type-page","status-publish","has-post-thumbnail","hentry"],"acf":[],"yoast_head":"<!-- This site is optimized with the Yoast SEO plugin v25.3 - https:\/\/yoast.com\/wordpress\/plugins\/seo\/ -->\n<title>Evenings and shows in Vias in Languedoc Roussillon at Cayola<\/title>\n<meta name=\"description\" content=\"Enjoy exciting evenings at the Cayola campsite with a rich program of entertainment: themed evenings, concerts and other festivities for all!\" \/>\n<meta name=\"robots\" content=\"index, follow, max-snippet:-1, max-image-preview:large, max-video-preview:-1\" \/>\n<link rel=\"canonical\" href=\"https:\/\/www.campingcayola.fr\/en\/evenings-campsite-vias\/\" \/>\n<meta property=\"og:locale\" content=\"en_US\" \/>\n<meta property=\"og:type\" content=\"article\" \/>\n<meta property=\"og:title\" content=\"Evenings and shows in Vias in Languedoc Roussillon at Cayola\" \/>\n<meta property=\"og:description\" content=\"Enjoy exciting evenings at the Cayola campsite with a rich program of entertainment: themed evenings, concerts and other festivities for all!\" \/>\n<meta property=\"og:url\" content=\"https:\/\/www.campingcayola.fr\/en\/evenings-campsite-vias\/\" \/>\n<meta property=\"og:site_name\" content=\"Camping Le Cayola\" \/>\n<meta property=\"article:modified_time\" content=\"2026-02-24T09:39:13+00:00\" \/>\n<meta property=\"og:image\" content=\"https:\/\/www.campingcayola.fr\/wp-content\/uploads\/2022\/09\/animations-soire\u0301es-vias.jpg\" \/>\n\t<meta property=\"og:image:width\" content=\"1900\" \/>\n\t<meta property=\"og:image:height\" content=\"770\" \/>\n\t<meta property=\"og:image:type\" content=\"image\/jpeg\" \/>\n<meta name=\"twitter:card\" content=\"summary_large_image\" \/>\n<meta name=\"twitter:label1\" content=\"Est. reading time\" \/>\n\t<meta name=\"twitter:data1\" content=\"3 minutes\" \/>\n<script type=\"application\/ld+json\" class=\"yoast-schema-graph\">{\"@context\":\"https:\/\/schema.org\",\"@graph\":[{\"@type\":\"WebPage\",\"@id\":\"https:\/\/www.campingcayola.fr\/en\/evenings-campsite-vias\/\",\"url\":\"https:\/\/www.campingcayola.fr\/en\/evenings-campsite-vias\/\",\"name\":\"Evenings and shows in Vias in Languedoc Roussillon at Cayola\",\"isPartOf\":{\"@id\":\"https:\/\/www.campingcayola.fr\/en\/#website\"},\"primaryImageOfPage\":{\"@id\":\"https:\/\/www.campingcayola.fr\/en\/evenings-campsite-vias\/#primaryimage\"},\"image\":{\"@id\":\"https:\/\/www.campingcayola.fr\/en\/evenings-campsite-vias\/#primaryimage\"},\"thumbnailUrl\":\"https:\/\/www.campingcayola.fr\/wp-content\/uploads\/2022\/09\/animations-soire\u0301es-vias.jpg\",\"datePublished\":\"2022-06-22T10:27:15+00:00\",\"dateModified\":\"2026-02-24T09:39:13+00:00\",\"description\":\"Enjoy exciting evenings at the Cayola campsite with a rich program of entertainment: themed evenings, concerts and other festivities for all!\",\"breadcrumb\":{\"@id\":\"https:\/\/www.campingcayola.fr\/en\/evenings-campsite-vias\/#breadcrumb\"},\"inLanguage\":\"en-US\",\"potentialAction\":[{\"@type\":\"ReadAction\",\"target\":[\"https:\/\/www.campingcayola.fr\/en\/evenings-campsite-vias\/\"]}]},{\"@type\":\"ImageObject\",\"inLanguage\":\"en-US\",\"@id\":\"https:\/\/www.campingcayola.fr\/en\/evenings-campsite-vias\/#primaryimage\",\"url\":\"https:\/\/www.campingcayola.fr\/wp-content\/uploads\/2022\/09\/animations-soire\u0301es-vias.jpg\",\"contentUrl\":\"https:\/\/www.campingcayola.fr\/wp-content\/uploads\/2022\/09\/animations-soire\u0301es-vias.jpg\",\"width\":1900,\"height\":770,\"caption\":\"animations soire\u0301es vias\"},{\"@type\":\"BreadcrumbList\",\"@id\":\"https:\/\/www.campingcayola.fr\/en\/evenings-campsite-vias\/#breadcrumb\",\"itemListElement\":[{\"@type\":\"ListItem\",\"position\":1,\"name\":\"Campsite Vias\",\"item\":\"https:\/\/www.campingcayola.fr\/en\/\"},{\"@type\":\"ListItem\",\"position\":2,\"name\":\"Evening events\"}]},{\"@type\":\"WebSite\",\"@id\":\"https:\/\/www.campingcayola.fr\/en\/#website\",\"url\":\"https:\/\/www.campingcayola.fr\/en\/\",\"name\":\"Camping Cayola\",\"description\":\"\",\"publisher\":{\"@id\":\"https:\/\/www.campingcayola.fr\/en\/#organization\"},\"potentialAction\":[{\"@type\":\"SearchAction\",\"target\":{\"@type\":\"EntryPoint\",\"urlTemplate\":\"https:\/\/www.campingcayola.fr\/en\/?s={search_term_string}\"},\"query-input\":{\"@type\":\"PropertyValueSpecification\",\"valueRequired\":true,\"valueName\":\"search_term_string\"}}],\"inLanguage\":\"en-US\"},{\"@type\":\"Organization\",\"@id\":\"https:\/\/www.campingcayola.fr\/en\/#organization\",\"name\":\"Camping Cayola\",\"url\":\"https:\/\/www.campingcayola.fr\/en\/\",\"logo\":{\"@type\":\"ImageObject\",\"inLanguage\":\"en-US\",\"@id\":\"https:\/\/www.campingcayola.fr\/en\/#\/schema\/logo\/image\/\",\"url\":\"https:\/\/www.campingcayola.fr\/wp-content\/uploads\/2022\/06\/logo-camping-paradis-cayola.png\",\"contentUrl\":\"https:\/\/www.campingcayola.fr\/wp-content\/uploads\/2022\/06\/logo-camping-paradis-cayola.png\",\"width\":350,\"height\":200,\"caption\":\"Camping Cayola\"},\"image\":{\"@id\":\"https:\/\/www.campingcayola.fr\/en\/#\/schema\/logo\/image\/\"}}]}<\/script>\n<!-- \/ Yoast SEO plugin. -->","yoast_head_json":{"title":"Evenings and shows in Vias in Languedoc Roussillon at Cayola","description":"Enjoy exciting evenings at the Cayola campsite with a rich program of entertainment: themed evenings, concerts and other festivities for all!","robots":{"index":"index","follow":"follow","max-snippet":"max-snippet:-1","max-image-preview":"max-image-preview:large","max-video-preview":"max-video-preview:-1"},"canonical":"https:\/\/www.campingcayola.fr\/en\/evenings-campsite-vias\/","og_locale":"en_US","og_type":"article","og_title":"Evenings and shows in Vias in Languedoc Roussillon at Cayola","og_description":"Enjoy exciting evenings at the Cayola campsite with a rich program of entertainment: themed evenings, concerts and other festivities for all!","og_url":"https:\/\/www.campingcayola.fr\/en\/evenings-campsite-vias\/","og_site_name":"Camping Le Cayola","article_modified_time":"2026-02-24T09:39:13+00:00","og_image":[{"width":1900,"height":770,"url":"https:\/\/www.campingcayola.fr\/wp-content\/uploads\/2022\/09\/animations-soire\u0301es-vias.jpg","type":"image\/jpeg"}],"twitter_card":"summary_large_image","twitter_misc":{"Est. reading time":"3 minutes"},"schema":{"@context":"https:\/\/schema.org","@graph":[{"@type":"WebPage","@id":"https:\/\/www.campingcayola.fr\/en\/evenings-campsite-vias\/","url":"https:\/\/www.campingcayola.fr\/en\/evenings-campsite-vias\/","name":"Evenings and shows in Vias in Languedoc Roussillon at Cayola","isPartOf":{"@id":"https:\/\/www.campingcayola.fr\/en\/#website"},"primaryImageOfPage":{"@id":"https:\/\/www.campingcayola.fr\/en\/evenings-campsite-vias\/#primaryimage"},"image":{"@id":"https:\/\/www.campingcayola.fr\/en\/evenings-campsite-vias\/#primaryimage"},"thumbnailUrl":"https:\/\/www.campingcayola.fr\/wp-content\/uploads\/2022\/09\/animations-soire\u0301es-vias.jpg","datePublished":"2022-06-22T10:27:15+00:00","dateModified":"2026-02-24T09:39:13+00:00","description":"Enjoy exciting evenings at the Cayola campsite with a rich program of entertainment: themed evenings, concerts and other festivities for all!","breadcrumb":{"@id":"https:\/\/www.campingcayola.fr\/en\/evenings-campsite-vias\/#breadcrumb"},"inLanguage":"en-US","potentialAction":[{"@type":"ReadAction","target":["https:\/\/www.campingcayola.fr\/en\/evenings-campsite-vias\/"]}]},{"@type":"ImageObject","inLanguage":"en-US","@id":"https:\/\/www.campingcayola.fr\/en\/evenings-campsite-vias\/#primaryimage","url":"https:\/\/www.campingcayola.fr\/wp-content\/uploads\/2022\/09\/animations-soire\u0301es-vias.jpg","contentUrl":"https:\/\/www.campingcayola.fr\/wp-content\/uploads\/2022\/09\/animations-soire\u0301es-vias.jpg","width":1900,"height":770,"caption":"animations soire\u0301es vias"},{"@type":"BreadcrumbList","@id":"https:\/\/www.campingcayola.fr\/en\/evenings-campsite-vias\/#breadcrumb","itemListElement":[{"@type":"ListItem","position":1,"name":"Campsite Vias","item":"https:\/\/www.campingcayola.fr\/en\/"},{"@type":"ListItem","position":2,"name":"Evening events"}]},{"@type":"WebSite","@id":"https:\/\/www.campingcayola.fr\/en\/#website","url":"https:\/\/www.campingcayola.fr\/en\/","name":"Camping Cayola","description":"","publisher":{"@id":"https:\/\/www.campingcayola.fr\/en\/#organization"},"potentialAction":[{"@type":"SearchAction","target":{"@type":"EntryPoint","urlTemplate":"https:\/\/www.campingcayola.fr\/en\/?s={search_term_string}"},"query-input":{"@type":"PropertyValueSpecification","valueRequired":true,"valueName":"search_term_string"}}],"inLanguage":"en-US"},{"@type":"Organization","@id":"https:\/\/www.campingcayola.fr\/en\/#organization","name":"Camping Cayola","url":"https:\/\/www.campingcayola.fr\/en\/","logo":{"@type":"ImageObject","inLanguage":"en-US","@id":"https:\/\/www.campingcayola.fr\/en\/#\/schema\/logo\/image\/","url":"https:\/\/www.campingcayola.fr\/wp-content\/uploads\/2022\/06\/logo-camping-paradis-cayola.png","contentUrl":"https:\/\/www.campingcayola.fr\/wp-content\/uploads\/2022\/06\/logo-camping-paradis-cayola.png","width":350,"height":200,"caption":"Camping Cayola"},"image":{"@id":"https:\/\/www.campingcayola.fr\/en\/#\/schema\/logo\/image\/"}}]}},"_links":{"self":[{"href":"https:\/\/www.campingcayola.fr\/en\/wp-json\/wp\/v2\/pages\/10614","targetHints":{"allow":["GET"]}}],"collection":[{"href":"https:\/\/www.campingcayola.fr\/en\/wp-json\/wp\/v2\/pages"}],"about":[{"href":"https:\/\/www.campingcayola.fr\/en\/wp-json\/wp\/v2\/types\/page"}],"author":[{"embeddable":true,"href":"https:\/\/www.campingcayola.fr\/en\/wp-json\/wp\/v2\/users\/1"}],"replies":[{"embeddable":true,"href":"https:\/\/www.campingcayola.fr\/en\/wp-json\/wp\/v2\/comments?post=10614"}],"version-history":[{"count":6,"href":"https:\/\/www.campingcayola.fr\/en\/wp-json\/wp\/v2\/pages\/10614\/revisions"}],"predecessor-version":[{"id":12660,"href":"https:\/\/www.campingcayola.fr\/en\/wp-json\/wp\/v2\/pages\/10614\/revisions\/12660"}],"wp:featuredmedia":[{"embeddable":true,"href":"https:\/\/www.campingcayola.fr\/en\/wp-json\/wp\/v2\/media\/9998"}],"wp:attachment":[{"href":"https:\/\/www.campingcayola.fr\/en\/wp-json\/wp\/v2\/media?parent=10614"}],"wp:term":[{"taxonomy":"sujet","embeddable":true,"href":"https:\/\/www.campingcayola.fr\/en\/wp-json\/wp\/v2\/sujet?post=10614"}],"curies":[{"name":"wp","href":"https:\/\/api.w.org\/{rel}","templated":true}]}}